{"id":160,"date":"2015-03-26T13:51:45","date_gmt":"2015-03-26T13:51:45","guid":{"rendered":"http:\/\/tommusrhodus.wpengine.com\/?page_id=160"},"modified":"2024-07-08T08:26:41","modified_gmt":"2024-07-08T06:26:41","slug":"autoescuelas-billy","status":"publish","type":"page","link":"https:\/\/www.autoescuelasbilly.es\/item\/","title":{"rendered":"Autoescuelas Billy"},"content":{"rendered":"<div class=\"wpb-content-wrapper\"><p>[vc_row background_style=\u00bbfull\u00bb][vc_column el_id=\u00bbheader\u00bb]\t\n\t<div class=\"header header-1 fixed-header\">\n\t\n\t\t<div class=\"background-image-holder\">\n\t\t\t<img loading=\"lazy\" decoding=\"async\" width=\"1920\" height=\"1080\" src=\"https:\/\/www.autoescuelasbilly.es\/item\/wp-content\/uploads\/2017\/12\/head2_BL.jpg\" class=\"background-image\" alt=\"\" srcset=\"https:\/\/www.autoescuelasbilly.es\/item\/wp-content\/uploads\/2017\/12\/head2_BL.jpg 1920w, https:\/\/www.autoescuelasbilly.es\/item\/wp-content\/uploads\/2017\/12\/head2_BL-300x169.jpg 300w, https:\/\/www.autoescuelasbilly.es\/item\/wp-content\/uploads\/2017\/12\/head2_BL-768x432.jpg 768w, https:\/\/www.autoescuelasbilly.es\/item\/wp-content\/uploads\/2017\/12\/head2_BL-1024x576.jpg 1024w\" sizes=\"(max-width: 1920px) 100vw, 1920px\" \/>\t\t<\/div>\n\n\t\t<div class=\"container\">\n\t\t\t<div class=\"row v-align-children\">\n\t\t\t\t\n\t\t\t\t<div class=\"col-md-6 header-content\">\n\t\t\t\t\t<\/p>\n<h3>\u00bfQuieres ser conductor de la EMT?<\/h3>\n<h5>En Autoescuelas Billy tenemos una amplia experiencia, basada en aprobados, preparando alumnos como conductores de la EMT.<\/h5>\n<h5>\u00a1L\u00edmite inscripci\u00f3n, VIERNES 12 de ENERO!<\/h5>\n<p>\n\t\t\t\t<\/div>\n\t\t\t\t\n\t\t\t\t\t\t\t\t\n\t\t\t\t\t\t\t\t\t<div class=\"col-md-6\">\n\t\t\t\t\t\t<div class=\"inner\">\n\t\t\t\t\t\t\t\n<div class=\"wpcf7 no-js\" id=\"wpcf7-f250-o1\" lang=\"en-US\" dir=\"ltr\">\n<div class=\"screen-reader-response\"><p role=\"status\" aria-live=\"polite\" aria-atomic=\"true\"><\/p> <ul><\/ul><\/div>\n<form action=\"\/item\/wp-json\/wp\/v2\/pages\/160#wpcf7-f250-o1\" method=\"post\" class=\"wpcf7-form init wpcf7-acceptance-as-validation\" aria-label=\"Contact form\" novalidate=\"novalidate\" data-status=\"init\">\n<div style=\"display: none;\">\n<input type=\"hidden\" name=\"_wpcf7\" value=\"250\" \/>\n<input type=\"hidden\" name=\"_wpcf7_version\" value=\"5.9.6\" \/>\n<input type=\"hidden\" name=\"_wpcf7_locale\" value=\"en_US\" \/>\n<input type=\"hidden\" name=\"_wpcf7_unit_tag\" value=\"wpcf7-f250-o1\" \/>\n<input type=\"hidden\" name=\"_wpcf7_container_post\" value=\"0\" \/>\n<input type=\"hidden\" name=\"_wpcf7_posted_data_hash\" value=\"\" \/>\n<input type=\"hidden\" name=\"_wpcf7_recaptcha_response\" value=\"\" \/>\n<\/div>\n<style>\n.wpcf7 input[type=\"checkbox\"]{\nwidth:auto;\n}\n<\/style>\n<ul>\n\t<li>\n\t\t<p><img loading=\"lazy\" decoding=\"async\" class=\"alignleft size-full wp-image-505\" src=\"https:\/\/autoescuelasbilly.es\/item\/wp-content\/uploads\/2017\/12\/i2.png\" alt=\"\" width=\"35\" height=\"35\" \/>\n\t\t<\/p>\n\t\t<p class=\"text-white\">D\u00e9janos tus datos y te llamaremos para informarte sin compromiso...\n\t\t<\/p>\n\t<\/li>\n<\/ul>\n<div class=\"form-holder contained-form form-email\">\n\t<p><span class=\"wpcf7-form-control-wrap\" data-name=\"your-name\"><input size=\"40\" maxlength=\"80\" class=\"wpcf7-form-control wpcf7-text wpcf7-validates-as-required\" aria-required=\"true\" aria-invalid=\"false\" placeholder=\"Nombre y apellidos\" value=\"\" type=\"text\" name=\"your-name\" \/><\/span><br \/>\n<span class=\"wpcf7-form-control-wrap\" data-name=\"your-email\"><input size=\"40\" maxlength=\"80\" class=\"wpcf7-form-control wpcf7-email wpcf7-validates-as-required wpcf7-text wpcf7-validates-as-email\" aria-required=\"true\" aria-invalid=\"false\" placeholder=\"Mail\" value=\"\" type=\"email\" name=\"your-email\" \/><\/span><br \/>\n<span class=\"wpcf7-form-control-wrap\" data-name=\"placeholdertel-593\"><input size=\"40\" maxlength=\"80\" class=\"wpcf7-form-control wpcf7-tel wpcf7-validates-as-required wpcf7-text wpcf7-validates-as-tel\" aria-required=\"true\" aria-invalid=\"false\" placeholder=\"Tel\u00e9fono\" value=\"\" type=\"tel\" name=\"placeholdertel-593\" \/><\/span>\n\t<\/p>\n<\/div>\n<p class=\"sub\" style=\"text-align:left;\"><span class=\"wpcf7-form-control-wrap\" data-name=\"acceptance\"><span class=\"wpcf7-form-control wpcf7-acceptance\"><span class=\"wpcf7-list-item\"><label><input type=\"checkbox\" name=\"acceptance\" value=\"1\" aria-invalid=\"false\" \/><span class=\"wpcf7-list-item-label\">Acepto la <a href=\"https:\/\/www.autoescuelasbilly.es\/aviso-legal\" target=\"_blank\" style=\"color:#fff;text-decoration:underline;\">pol\u00edtica de privacidad<\/a><\/span><\/label><\/span><\/span><\/span>\n<\/p>\n<p><br clear=\"all\" \/><br \/>\n<input class=\"wpcf7-form-control wpcf7-submit has-spinner\" type=\"submit\" value=\"Solicita aqu\u00ed la informaci\u00f3n \u00bb\" \/>\n<\/p><div class=\"wpcf7-response-output\" aria-hidden=\"true\"><\/div>\n<\/form>\n<\/div>\n\t\t\t\t\t\t<\/div>\n\t\t\t\t\t<\/div>\n\t\t\t\t\t\t\t\t\n\t\t\t<\/div>\n\t\t<\/div>\n\t\n\t<\/div>\n\t\n[\/vc_column][\/vc_row][vc_row el_id=\u00bbfeatures\u00bb][vc_column][vc_row_inner][vc_column_inner width=\u00bb1\/12&#8243;][\/vc_column_inner][vc_column_inner width=\u00bb10\/12&#8243;][vc_column_text]<\/p>\n<h4 style=\"text-align: center;\">\u00a1Tu aprobado como conductor de la EMT te espera aqu\u00ed!<\/h4>\n<p style=\"text-align: center;\">En Autoescuelas Billy con calidad, confianza y transparencia. Somos expertos<br \/>\nen preparaci\u00f3n de psicot\u00e9cnicos y entrevista personal.<\/p>\n<p>[\/vc_column_text][\/vc_column_inner][vc_column_inner width=\u00bb1\/12&#8243;][\/vc_column_inner][\/vc_row_inner][vc_row_inner][vc_column_inner width=\u00bb1\/3&#8243;][vc_column_text]<img loading=\"lazy\" decoding=\"async\" class=\"aligncenter size-full wp-image-389\" src=\"https:\/\/www.autoescuelasbilly.es\/item\/wp-content\/uploads\/2017\/12\/box1.jpg\" alt=\"\" width=\"800\" height=\"533\" srcset=\"https:\/\/www.autoescuelasbilly.es\/item\/wp-content\/uploads\/2017\/12\/box1.jpg 800w, https:\/\/www.autoescuelasbilly.es\/item\/wp-content\/uploads\/2017\/12\/box1-300x200.jpg 300w, https:\/\/www.autoescuelasbilly.es\/item\/wp-content\/uploads\/2017\/12\/box1-768x512.jpg 768w\" sizes=\"(max-width: 800px) 100vw, 800px\" \/><\/p>\n<h5 style=\"text-align: center;\">Te formamos como conductor de la EMT<\/h5>\n<p style=\"text-align: center;\">En Autoescuelas Billy, te preparamos tanto la parte te\u00f3rica como la pr\u00e1ctica para superar con \u00e9xito las pruebas selectivas. Nuestra experiencia y tasa de \u00e9xito, es nuestro aval y tu garant\u00eda.<\/p>\n<p>[\/vc_column_text][\/vc_column_inner][vc_column_inner width=\u00bb1\/3&#8243;][vc_column_text]<img loading=\"lazy\" decoding=\"async\" class=\"aligncenter size-full wp-image-506\" src=\"https:\/\/www.autoescuelasbilly.es\/item\/wp-content\/uploads\/2017\/12\/entrada-billy.jpg\" alt=\"\" width=\"800\" height=\"533\" srcset=\"https:\/\/www.autoescuelasbilly.es\/item\/wp-content\/uploads\/2017\/12\/entrada-billy.jpg 800w, https:\/\/www.autoescuelasbilly.es\/item\/wp-content\/uploads\/2017\/12\/entrada-billy-300x200.jpg 300w, https:\/\/www.autoescuelasbilly.es\/item\/wp-content\/uploads\/2017\/12\/entrada-billy-768x512.jpg 768w\" sizes=\"(max-width: 800px) 100vw, 800px\" \/><\/p>\n<h5 style=\"text-align: center;\">Nuevas instalaciones en Madrid<\/h5>\n<p style=\"text-align: center;\">En nuestro nuevo centro de San Fernando de Henares, te sentir\u00e1s como en casa. Aulas c\u00f3modas y \u00faltima tecnolog\u00eda para conseguir r\u00e1pidamente tu objetivo.<\/p>\n<p>[\/vc_column_text][\/vc_column_inner][vc_column_inner width=\u00bb1\/3&#8243;][vc_column_text]<img loading=\"lazy\" decoding=\"async\" class=\"aligncenter size-full wp-image-574\" src=\"https:\/\/www.autoescuelasbilly.es\/item\/wp-content\/uploads\/2017\/12\/curso.jpg\" alt=\"\" width=\"800\" height=\"533\" srcset=\"https:\/\/www.autoescuelasbilly.es\/item\/wp-content\/uploads\/2017\/12\/curso.jpg 800w, https:\/\/www.autoescuelasbilly.es\/item\/wp-content\/uploads\/2017\/12\/curso-300x200.jpg 300w, https:\/\/www.autoescuelasbilly.es\/item\/wp-content\/uploads\/2017\/12\/curso-768x512.jpg 768w\" sizes=\"(max-width: 800px) 100vw, 800px\" \/><\/p>\n<h5 style=\"text-align: center;\">Un equipo formado y experimentado.<\/h5>\n<p style=\"text-align: center;\">En Autoescuelas Billy, los profesores estamos enfocados en un s\u00f3lo prop\u00f3sito: tu aprobado. \u00a1Conocemos tu sue\u00f1o y sabemos c\u00f3mo conseguirlo!<\/p>\n<p>[\/vc_column_text][\/vc_column_inner][\/vc_row_inner][vc_btn title=\u00bb\u00a1DESEO M\u00c1S INFORMACI\u00d3N!\u00bb style=\u00bbflat\u00bb shape=\u00bbsquare\u00bb color=\u00bbsuccess\u00bb size=\u00bblg\u00bb align=\u00bbcenter\u00bb css=\u00bb.vc_custom_1514459722834{padding-top: 32px !important;}\u00bb link=\u00bburl:%23footer|||\u00bb][\/vc_column][\/vc_row][vc_row launchkit_padding=\u00bbno-pad\u00bb css=\u00bb.vc_custom_1514381430560{margin-bottom: -20px !important;}\u00bb][vc_column][vc_column_text css=\u00bb.vc_custom_1514381538005{margin-bottom: -10px !important;}\u00bb]<\/p>\n<h4 style=\"text-align: center;\">\u00a1\u00a1Nadie te lo pone m\u00e1s f\u00e1cil!!<\/h4>\n<p>[\/vc_column_text][\/vc_column][\/vc_row][vc_row align=\u00bbv-align-children\u00bb css=\u00bb.vc_custom_1514381396262{margin-top: -20px !important;}\u00bb][vc_column width=\u00bb1\/2&#8243;][vc_single_image image=\u00bb636&#8243; img_size=\u00bbfull\u00bb css=\u00bb\u00bb][\/vc_column][vc_column width=\u00bb1\/12&#8243;][\/vc_column][vc_column width=\u00bb5\/12&#8243;][vc_single_image image=\u00bb528&#8243; img_size=\u00bbfull\u00bb css=\u00bb.vc_custom_1514986208417{margin-bottom: 0px !important;}\u00bb][vc_custom_heading text=\u00bbCURSO EMT <strong>consulta nuestros precios<\/strong>\u00bb font_container=\u00bbtag:h2|font_size:35px|text_align:left|color:%23222222|line_height:45px\u00bb use_theme_fonts=\u00bbyes\u00bb css=\u00bb.vc_custom_1646848430500{padding-top: 10px !important;padding-bottom: 20px !important;}\u00bb][vc_column_text css=\u00bb.vc_custom_1514465073841{margin-bottom: -px !important;}\u00bb]<strong>INCLUYE:<\/strong>[\/vc_column_text][vc_column_text css=\u00bb.vc_custom_1514381693685{margin-top: -24px !important;padding-left: 15px !important;}\u00bb]\u25b9 Curso EMT 60H<br \/>\n\u25b9 Horarios a elegir de Lunes a Viernes 09 a 15\/ de 19 a 23h<br \/>\n\u25b9 Clase de Repaso antes de examen<br \/>\n\u25b9 Hasta 30h de Psic\u00f3logo y preparaci\u00f3n para las pruebas de personalidad[\/vc_column_text][\/vc_column][\/vc_row][vc_row align=\u00bbv-align-children\u00bb][vc_column width=\u00bb5\/12&#8243;][vc_single_image image=\u00bb528&#8243; img_size=\u00bbfull\u00bb css=\u00bb.vc_custom_1514986123705{margin-bottom: 0px !important;}\u00bb][vc_custom_heading text=\u00bbCURSO EMT FIN DE SEMANA <strong>consulta nuestros precios<\/strong>\u00bb font_container=\u00bbtag:h2|font_size:35px|text_align:left|color:%23222222|line_height:45px\u00bb use_theme_fonts=\u00bbyes\u00bb css=\u00bb.vc_custom_1646848417463{padding-top: 10px !important;padding-bottom: 20px !important;}\u00bb][vc_column_text css=\u00bb.vc_custom_1514465225788{margin-bottom: -px !important;}\u00bb]<strong>INCLUYE:<\/strong>[\/vc_column_text][vc_column_text css=\u00bb.vc_custom_1514381070433{margin-top: -24px !important;padding-left: 15px !important;}\u00bb]\u25b9 S\u00e1bados y domingos de 09 a 14 h y de 15 a 20h (2 fines de semana)<br \/>\n\u25b9 6h repaso antes del examen<br \/>\n\u25b9 Clase de repaso antes del examen<br \/>\n\u25b9 Hasta 30h de Psic\u00f3logo y preparaci\u00f3n para las pruebas de personalidad.[\/vc_column_text][\/vc_column][vc_column width=\u00bb1\/12&#8243;][\/vc_column][vc_column width=\u00bb1\/2&#8243;][vc_single_image image=\u00bb430&#8243; img_size=\u00bbfull\u00bb][\/vc_column][\/vc_row][vc_row align=\u00bbv-align-children\u00bb css=\u00bb.vc_custom_1514381396262{margin-top: -20px !important;}\u00bb][vc_column width=\u00bb1\/2&#8243;][vc_single_image image=\u00bb572&#8243; img_size=\u00bbfull\u00bb][\/vc_column][vc_column width=\u00bb1\/12&#8243;][\/vc_column][vc_column width=\u00bb5\/12&#8243;][vc_single_image image=\u00bb528&#8243; img_size=\u00bbfull\u00bb css=\u00bb.vc_custom_1514986134873{margin-bottom: 0px !important;}\u00bb][vc_custom_heading text=\u00bbPACK EMT + FORMACI\u00d3N CONTINUA <strong>consulta nuestros precios<\/strong>\u00bb font_container=\u00bbtag:h2|font_size:35px|text_align:left|color:%23222222|line_height:45px\u00bb use_theme_fonts=\u00bbyes\u00bb css=\u00bb.vc_custom_1646848451624{padding-top: 10px !important;padding-bottom: 20px !important;}\u00bb][vc_column_text css=\u00bb.vc_custom_1514465276918{margin-bottom: -px !important;}\u00bb]<strong>INCLUYE:<\/strong>[\/vc_column_text][vc_column_text css=\u00bb.vc_custom_1514381673060{margin-top: -24px !important;padding-left: 15px !important;}\u00bb]\u25b9 Formaci\u00f3n CAP fin de semana<br \/>\n\u25b9 Curso EMT 60h (3 semanas)<br \/>\n\u25b9 Horarios a elegir de lunes a viernes: 09 a 15h \/ 19 a 23h<br \/>\n\u25b9 Clase de repaso antes del examen<br \/>\n\u25b9 Hasta 30h de Psic\u00f3logo y preparaci\u00f3n para las pruebas de personalidad.<br \/>\n[\/vc_column_text][\/vc_column][\/vc_row][vc_row launchkit_padding=\u00bbno-pad\u00bb css=\u00bb.vc_custom_1514381796897{margin-bottom: -20px !important;}\u00bb][vc_column css=\u00bb.vc_custom_1514383503182{margin-top: -20px !important;margin-bottom: 50px !important;}\u00bb][vc_btn title=\u00bb\u00a1DESEO M\u00c1S INFORMACI\u00d3N!\u00bb style=\u00bbflat\u00bb shape=\u00bbsquare\u00bb color=\u00bbsuccess\u00bb size=\u00bblg\u00bb align=\u00bbcenter\u00bb css=\u00bb.vc_custom_1514459722834{padding-top: 32px !important;}\u00bb link=\u00bburl:%23footer|||\u00bb][\/vc_column][\/vc_row][vc_row background_style=\u00bbbg-secondary\u00bb align=\u00bbv-align-children\u00bb css=\u00bb.vc_custom_1517504720049{background-image: url(https:\/\/autoescuelasbilly.es\/item\/wp-content\/uploads\/2017\/12\/back03.jpg?id=570) !important;background-position: center !important;background-repeat: no-repeat !important;background-size: cover !important;}\u00bb el_id=\u00bbpricing\u00bb][vc_column css=\u00bb.vc_custom_1514383461488{margin-top: 32px !important;padding-top: 150px !important;padding-bottom: 150px !important;}\u00bb][vc_row_inner][vc_column_inner offset=\u00bbvc_col-lg-offset-0 vc_col-lg-12 vc_col-md-offset-0 vc_col-sm-offset-0 vc_col-xs-12&#8243;][vc_custom_heading text=\u00bbSabemos que es tu reto. Cuenta con Billy&#8230;<br \/>\n\u00a1Juntos lo lograremos!\u00bb font_container=\u00bbtag:h2|text_align:center|color:%23ffffff\u00bb use_theme_fonts=\u00bbyes\u00bb][\/vc_column_inner][\/vc_row_inner][\/vc_column][\/vc_row][vc_row launchkit_padding=\u00bbno-pad\u00bb css=\u00bb.vc_custom_1514384052741{margin-top: 32px !important;}\u00bb][vc_column css=\u00bb.vc_custom_1514383591812{margin-top: 80px !important;}\u00bb][vc_empty_space][vc_column_text css=\u00bb.vc_custom_1514383657982{margin-bottom: -10px !important;}\u00bb]<\/p>\n<h4 style=\"text-align: center;\">\u00bfTienes preguntas? En Billy te respondemos:<\/h4>\n<p>[\/vc_column_text][\/vc_column][\/vc_row][vc_row][vc_column][vc_row_inner][vc_column_inner width=\u00bb1\/2&#8243;][vc_column_text]<\/p>\n<h5>\u00bfQu\u00e9 permiso se necesita para ser conductor en la EMT?<\/h5>\n<p>&#8230; Tener aprobado el permiso de conducci\u00f3n de clase D[\/vc_column_text][vc_empty_space][vc_column_text]<\/p>\n<h5>\u00bfHay otros requisitos?<\/h5>\n<p>&#8230; S\u00ed, para ejercer la actividad del transporte, debe tener el Certificado de Aptitud Profesional (CAP).[\/vc_column_text][vc_empty_space][vc_column_text]<\/p>\n<h5>\u00bfDocumentaci\u00f3n y otros requisitos?<\/h5>\n<p>&#8230; Consulta la convocatoria oficial (Bases convocatoria a\u00f1o 2017) <a href=\"https:\/\/autoescuelasbilly.es\/item\/wp-content\/uploads\/2017\/12\/bases_convocatoria_carnet_EMT_Madrid.pdf\" target=\"_blank\" rel=\"noopener\">click aqu\u00ed\u00a0<\/a>[\/vc_column_text][\/vc_column_inner][vc_column_inner width=\u00bb1\/2&#8243;][vc_column_text]<\/p>\n<h5>\u00bfQu\u00e9 ex\u00e1menes hay que realizar?<\/h5>\n<p>Examen te\u00f3rico.[\/vc_column_text][vc_column_text css=\u00bb.vc_custom_1514384197993{margin-top: -24px !important;padding-left: 15px !important;}\u00bb]\u25b9 Examen pr\u00e1ctico de conducci\u00f3n de autobuses en situaciones de tr\u00e1fico real.<br \/>\n\u25b9 Reconocimiento m\u00e9dico, pruebas psicot\u00e9cnicas y de personalidad.[\/vc_column_text][vc_empty_space][vc_column_text]<\/p>\n<h5>\u00bfTienes m\u00e1s preguntas?<\/h5>\n<p>&#8230; Estaremos encantados de atenderte, contacta con nosotros.[\/vc_column_text][\/vc_column_inner][\/vc_row_inner][vc_row_inner][vc_column_inner][vc_empty_space][vc_btn title=\u00bb\u00a1PREG\u00daNTANOS AQU\u00cd!\u00bb style=\u00bbflat\u00bb shape=\u00bbsquare\u00bb color=\u00bbsuccess\u00bb size=\u00bblg\u00bb align=\u00bbcenter\u00bb link=\u00bburl:%23footer|||\u00bb][\/vc_column_inner][\/vc_row_inner][\/vc_column][\/vc_row][vc_row background_style=\u00bbfull\u00bb][vc_column][vc_gmaps title=\u00bbDescubre nuestras nuevas instalaciones de Madrid modernas y c\u00f3modas, con todo lo necesario para ayudarte a conseguir tu objetivo:<br \/>\n\u00a1Ser conductor de la EMT!\u00bb link=\u00bb#E-8_JTNDaWZyYW1lJTIwc3JjJTNEJTIyaHR0cHMlM0ElMkYlMkZ3d3cuZ29vZ2xlLmNvbSUyRm1hcHMlMkZlbWJlZCUzRnBiJTNEJTIxMW0xNCUyMTFtOCUyMTFtMyUyMTFkMzAzNy4wODY2ODQ0NzczNTQ1JTIxMmQtMy41MzY0MDg3JTIxM2Q0MC40MjkwNzk0JTIxM20yJTIxMWkxMDI0JTIxMmk3NjglMjE0ZjEzLjElMjEzbTMlMjExbTIlMjExczB4ZDQyMzA4ZjY5YzRmZjlmJTI1M0EweDZjNDUwYmQzYjQwZWViZGUlMjEyc0FVVE9FU0NVRUxBUyUyQkJJTExZJTIxNWUwJTIxM20yJTIxMXNlcyUyMTJzZXMlMjE0djE1MTQzODQ5MTQ4ODklMjIlMjB3aWR0aCUzRCUyMjYwMCUyMiUyMGhlaWdodCUzRCUyMjQ1MCUyMiUyMGZyYW1lYm9yZGVyJTNEJTIyMCUyMiUyMHN0eWxlJTNEJTIyYm9yZGVyJTNBMCUyMiUyMGFsbG93ZnVsbHNjcmVlbiUzRSUzQyUyRmlmcmFtZSUzRQ==\u00bb subtitle=\u00bbEstamos en Calle Zaragoza, 1 &#8211; San Fernando de Henares (28820 Madrid) y en Avenida Constituci\u00f3n 62, Coslada 28821&#8243; el_class=\u00bbmap\u00bb][\/vc_column][\/vc_row][vc_row background_style=\u00bbfull\u00bb el_id=\u00bbfooter\u00bb][vc_column]<div class=\"header header-11 overlay no\"><div class=\"hero-slider\"><ul class=\"slides\"><li><div class=\"background-image-holder\"><img loading=\"lazy\" decoding=\"async\" width=\"1920\" height=\"1080\" src=\"https:\/\/www.autoescuelasbilly.es\/item\/wp-content\/uploads\/2017\/12\/head2_BL.jpg\" class=\"background-image\" alt=\"\" srcset=\"https:\/\/www.autoescuelasbilly.es\/item\/wp-content\/uploads\/2017\/12\/head2_BL.jpg 1920w, https:\/\/www.autoescuelasbilly.es\/item\/wp-content\/uploads\/2017\/12\/head2_BL-300x169.jpg 300w, https:\/\/www.autoescuelasbilly.es\/item\/wp-content\/uploads\/2017\/12\/head2_BL-768x432.jpg 768w, https:\/\/www.autoescuelasbilly.es\/item\/wp-content\/uploads\/2017\/12\/head2_BL-1024x576.jpg 1024w\" sizes=\"(max-width: 1920px) 100vw, 1920px\" \/><\/div><div class=\"container\"><div class=\"row\"><div class=\"col-sm-12 text-center\"><\/p>\n<h2 style=\"text-align: center;\">\u00a1Aprueba el curso de la EMT de nuestra mano!<\/h2>\n<p>&nbsp;<\/p>\n<h5 style=\"text-align: center;\">Aparca tus dudas. En Autoescuelas Billy damos prioridad al trato humano y la calidad<br \/>\npara que consigas tu objetivo.<\/h5>\n<p style=\"text-align: center;\">\n<div class=\"wpcf7 no-js\" id=\"wpcf7-f480-o2\" lang=\"en-US\" dir=\"ltr\">\n<div class=\"screen-reader-response\">\n<p role=\"status\" aria-live=\"polite\" aria-atomic=\"true\">\n<ul><\/ul>\n<\/div>\n<form action=\"\/item\/wp-json\/wp\/v2\/pages\/160#wpcf7-f480-o2\" method=\"post\" class=\"wpcf7-form init\" aria-label=\"Contact form\" novalidate=\"novalidate\" data-status=\"init\">\n<div style=\"display: none;\">\n<input type=\"hidden\" name=\"_wpcf7\" value=\"480\" \/><br \/>\n<input type=\"hidden\" name=\"_wpcf7_version\" value=\"5.9.6\" \/><br \/>\n<input type=\"hidden\" name=\"_wpcf7_locale\" value=\"en_US\" \/><br \/>\n<input type=\"hidden\" name=\"_wpcf7_unit_tag\" value=\"wpcf7-f480-o2\" \/><br \/>\n<input type=\"hidden\" name=\"_wpcf7_container_post\" value=\"0\" \/><br \/>\n<input type=\"hidden\" name=\"_wpcf7_posted_data_hash\" value=\"\" \/><br \/>\n<input type=\"hidden\" name=\"_wpcf7_recaptcha_response\" value=\"\" \/>\n<\/div>\n<div class=\"form-holder contained-form form-email\">\n<p><span class=\"wpcf7-form-control-wrap\" data-name=\"your-name\"><input size=\"40\" maxlength=\"80\" class=\"wpcf7-form-control wpcf7-text wpcf7-validates-as-required\" aria-required=\"true\" aria-invalid=\"false\" placeholder=\"Nombre y apellidos\" value=\"\" type=\"text\" name=\"your-name\" \/><\/span><br \/>\n<span class=\"wpcf7-form-control-wrap\" data-name=\"your-email\"><input size=\"40\" maxlength=\"80\" class=\"wpcf7-form-control wpcf7-email wpcf7-validates-as-required wpcf7-text wpcf7-validates-as-email\" aria-required=\"true\" aria-invalid=\"false\" placeholder=\"Mail\" value=\"\" type=\"email\" name=\"your-email\" \/><\/span><br \/>\n<span class=\"wpcf7-form-control-wrap\" data-name=\"your-telephone\"><input size=\"40\" maxlength=\"80\" class=\"wpcf7-form-control wpcf7-tel wpcf7-validates-as-required wpcf7-text wpcf7-validates-as-tel\" aria-required=\"true\" aria-invalid=\"false\" placeholder=\"Tel\u00e9fono\" value=\"\" type=\"tel\" name=\"your-telephone\" \/><\/span>\n\t<\/p>\n<\/div>\n<p class=\"sub\" style=\"text-align:left;\"><span class=\"wpcf7-form-control-wrap\" data-name=\"acceptance-235\"><span class=\"wpcf7-form-control wpcf7-acceptance\"><span class=\"wpcf7-list-item\"><input type=\"checkbox\" name=\"acceptance-235\" value=\"1\" aria-invalid=\"false\" \/><\/span><\/span><\/span> Acepto la <a href=\"https:\/\/www.autoescuelasbilly.es\/aviso-legal\" target=\"_blank\" style=\"color:#fff;text-decoration:underline;\">pol\u00edtica de privacidad<\/a>\n<\/p>\n<p><input class=\"wpcf7-form-control wpcf7-submit has-spinner\" type=\"submit\" value=\"Solicita aqu\u00ed la informaci\u00f3n \u00bb\" \/>\n<\/p>\n<div class=\"wpcf7-response-output\" aria-hidden=\"true\"><\/div>\n<\/form>\n<\/div>\n<p>&nbsp;<\/p>\n<h6><\/h6>\n<h5 style=\"text-align: center;\">O PUEDES LLAMARNOS AL<\/h5>\n<h3 style=\"text-align: center;\"><a href=\"tel:910594303\">910 594 303<\/a><\/h3>\n<h3 style=\"text-align: center;\"><a href=\"tel:659024296\">659 024 296<\/a><\/h3>\n<p>\n<\/div><\/div><\/div><\/li><\/ul><\/div><\/div>[\/vc_column][\/vc_row][vc_row launchkit_padding=\u00bbno-pad\u00bb css=\u00bb.vc_custom_1514384052741{margin-top: 32px !important;}\u00bb][vc_column css=\u00bb.vc_custom_1514386974646{margin-top: 32px !important;}\u00bb][vc_column_text css=\u00bb.vc_custom_1514480787882{margin-bottom: -10px !important;}\u00bb]<\/p>\n<p style=\"text-align: center;\">Copyright Autoescuelas Billy SL 2017. Todos los derechos reservados. M\u00e1s informaci\u00f3n en <a href=\"http:\/\/www.autoescuelasbilly.es\/\" target=\"_blank\" rel=\"noopener\">www.autoescuelasbilly.es<\/a><\/p>\n<p>[\/vc_column_text][\/vc_column][\/vc_row]<\/p>\n<\/div>","protected":false},"excerpt":{"rendered":"<p>[vc_row background_style=\u00bbfull\u00bb][vc_column el_id=\u00bbheader\u00bb][\/vc_column][\/vc_row][vc_row el_id=\u00bbfeatures\u00bb][vc_column][vc_row_inner][vc_column_inner width=\u00bb1\/12&#8243;][\/vc_column_inner][vc_column_inner width=\u00bb10\/12&#8243;][vc_column_text] \u00a1Tu aprobado como conductor de la EMT te espera aqu\u00ed! En Autoescuelas Billy con calidad,&#8230;<\/p>\n","protected":false},"author":1,"featured_media":0,"parent":0,"menu_order":0,"comment_status":"open","ping_status":"open","template":"","meta":{"footnotes":""},"_links":{"self":[{"href":"https:\/\/www.autoescuelasbilly.es\/item\/wp-json\/wp\/v2\/pages\/160"}],"collection":[{"href":"https:\/\/www.autoescuelasbilly.es\/item\/wp-json\/wp\/v2\/pages"}],"about":[{"href":"https:\/\/www.autoescuelasbilly.es\/item\/wp-json\/wp\/v2\/types\/page"}],"author":[{"embeddable":true,"href":"https:\/\/www.autoescuelasbilly.es\/item\/wp-json\/wp\/v2\/users\/1"}],"replies":[{"embeddable":true,"href":"https:\/\/www.autoescuelasbilly.es\/item\/wp-json\/wp\/v2\/comments?post=160"}],"version-history":[{"count":193,"href":"https:\/\/www.autoescuelasbilly.es\/item\/wp-json\/wp\/v2\/pages\/160\/revisions"}],"predecessor-version":[{"id":1427,"href":"https:\/\/www.autoescuelasbilly.es\/item\/wp-json\/wp\/v2\/pages\/160\/revisions\/1427"}],"wp:attachment":[{"href":"https:\/\/www.autoescuelasbilly.es\/item\/wp-json\/wp\/v2\/media?parent=160"}],"curies":[{"name":"wp","href":"https:\/\/api.w.org\/{rel}","templated":true}]}}